{"id":137,"date":"2024-07-17T16:02:40","date_gmt":"2024-07-17T14:02:40","guid":{"rendered":"https:\/\/naturaecabarceno.com\/?page_id=137"},"modified":"2025-09-25T15:36:06","modified_gmt":"2025-09-25T13:36:06","slug":"blog","status":"publish","type":"page","link":"https:\/\/naturaecabarceno.com\/en\/blog\/","title":{"rendered":"Blog"},"content":{"rendered":"\t\t<div data-elementor-type=\"wp-page\" data-elementor-id=\"137\" class=\"elementor elementor-137\" data-elementor-post-type=\"page\">\n\t\t\t\t<div class=\"elementor-element elementor-element-e9f9243 e-flex e-con-boxed e-con e-parent\" data-id=\"e9f9243\" data-element_type=\"container\" data-e-type=\"container\" data-settings=\"{&quot;background_background&quot;:&quot;classic&quot;}\">\n\t\t\t\t\t<div class=\"e-con-inner\">\n\t\t<div class=\"elementor-element elementor-element-00e9ff5 e-con-full e-flex e-con e-child\" data-id=\"00e9ff5\" data-element_type=\"container\" data-e-type=\"container\">\n\t\t\t\t<div class=\"elementor-element elementor-element-bb35431 elementor-widget elementor-widget-heading\" data-id=\"bb35431\" data-element_type=\"widget\" data-e-type=\"widget\" data-widget_type=\"heading.default\">\n\t\t\t\t\t<h1 class=\"elementor-heading-title elementor-size-default\">Nuestro Blog<\/h1>\t\t\t\t<\/div>\n\t\t\t\t<div class=\"elementor-element elementor-element-8bcb221 elementor-widget elementor-widget-text-editor\" data-id=\"8bcb221\" data-element_type=\"widget\" data-e-type=\"widget\" data-widget_type=\"text-editor.default\">\n\t\t\t\t\t\t\t\t\t<p>\u00daltimas noticias de la posada Naturae <br \/>y el entorno de Cab\u00e1rceno<\/p>\t\t\t\t\t\t\t\t<\/div>\n\t\t\t\t<\/div>\n\t\t\t\t\t<\/div>\n\t\t\t\t<\/div>\n\t\t<div class=\"elementor-element elementor-element-b6951ac e-flex e-con-boxed e-con e-parent\" data-id=\"b6951ac\" data-element_type=\"container\" data-e-type=\"container\">\n\t\t\t\t\t<div class=\"e-con-inner\">\n\t\t\t\t<div class=\"elementor-element elementor-element-aaa87e3 elementor-grid-3 elementor-grid-tablet-2 elementor-grid-mobile-1 elementor-posts--thumbnail-top elementor-card-shadow-yes elementor-posts__hover-gradient elementor-widget elementor-widget-posts\" data-id=\"aaa87e3\" data-element_type=\"widget\" data-e-type=\"widget\" data-settings=\"{&quot;cards_columns&quot;:&quot;3&quot;,&quot;cards_columns_tablet&quot;:&quot;2&quot;,&quot;cards_columns_mobile&quot;:&quot;1&quot;,&quot;cards_row_gap&quot;:{&quot;unit&quot;:&quot;px&quot;,&quot;size&quot;:35,&quot;sizes&quot;:[]},&quot;cards_row_gap_laptop&quot;:{&quot;unit&quot;:&quot;px&quot;,&quot;size&quot;:&quot;&quot;,&quot;sizes&quot;:[]},&quot;cards_row_gap_tablet&quot;:{&quot;unit&quot;:&quot;px&quot;,&quot;size&quot;:&quot;&quot;,&quot;sizes&quot;:[]},&quot;cards_row_gap_mobile&quot;:{&quot;unit&quot;:&quot;px&quot;,&quot;size&quot;:&quot;&quot;,&quot;sizes&quot;:[]}}\" data-widget_type=\"posts.cards\">\n\t\t\t\t<div class=\"elementor-widget-container\">\n\t\t\t\t\t\t\t<div class=\"elementor-posts-container elementor-posts elementor-posts--skin-cards elementor-grid\" role=\"list\">\n\t\t\t\t<article class=\"elementor-post elementor-grid-item post-2562 post type-post status-publish format-standard has-post-thumbnail hentry category-blog\" role=\"listitem\">\n\t\t\t<div class=\"elementor-post__card\">\n\t\t\t\t<a class=\"elementor-post__thumbnail__link\" href=\"https:\/\/naturaecabarceno.com\/en\/posada-naturae-la-ecoposada\/\" tabindex=\"-1\" ><div class=\"elementor-post__thumbnail\"><img fetchpriority=\"high\" decoding=\"async\" width=\"1920\" height=\"1080\" src=\"https:\/\/naturaecabarceno.com\/en\/wp-content\/uploads\/sites\/2\/blog-001-imagen-destacada.webp\" class=\"attachment-medium size-medium wp-image-2564\" alt=\"blog imagen destacada\" srcset=\"https:\/\/naturaecabarceno.com\/en\/wp-content\/uploads\/sites\/2\/blog-001-imagen-destacada.webp 1920w, https:\/\/naturaecabarceno.com\/en\/wp-content\/uploads\/sites\/2\/blog-001-imagen-destacada-768x432.webp 768w, https:\/\/naturaecabarceno.com\/en\/wp-content\/uploads\/sites\/2\/blog-001-imagen-destacada-1536x864.webp 1536w\" sizes=\"(max-width: 1920px) 100vw, 1920px\" \/><\/div><\/a>\n\t\t\t\t<div class=\"elementor-post__text\">\n\t\t\t\t<h3 class=\"elementor-post__title\">\n\t\t\t<a href=\"https:\/\/naturaecabarceno.com\/en\/posada-naturae-la-ecoposada\/\" >\n\t\t\t\tPosada Naturae: \u00abLa ecoposada\u00bb\t\t\t<\/a>\n\t\t<\/h3>\n\t\t\t\t<div class=\"elementor-post__excerpt\">\n\t\t\t<p>En nuestro af\u00e1n de sostenibilidad y compromiso con el medio ambiente hemos tratado de hacer nuestra posada lo mas ecol\u00f3gica y eficiente posible. En cuanto<\/p>\n\t\t<\/div>\n\t\t\n\t\t<a class=\"elementor-post__read-more\" href=\"https:\/\/naturaecabarceno.com\/en\/posada-naturae-la-ecoposada\/\" aria-label=\"M\u00e1s informaci\u00f3n sobre Posada Naturae: \u00abLa ecoposada\u00bb\" tabindex=\"-1\" >\n\t\t\tLeer m\u00e1s \u00bb\t\t<\/a>\n\n\t\t\t\t<\/div>\n\t\t\t\t<div class=\"elementor-post__meta-data\">\n\t\t\t\t\t<span class=\"elementor-post-date\">\n\t\t\t18 de septiembre de 2025\t\t<\/span>\n\t\t\t\t<\/div>\n\t\t\t\t\t<\/div>\n\t\t<\/article>\n\t\t\t\t<article class=\"elementor-post elementor-grid-item post-2559 post type-post status-publish format-standard has-post-thumbnail hentry category-blog\" role=\"listitem\">\n\t\t\t<div class=\"elementor-post__card\">\n\t\t\t\t<a class=\"elementor-post__thumbnail__link\" href=\"https:\/\/naturaecabarceno.com\/en\/campos-de-golf-cerca-de-posada-naturae-cabarceno\/\" tabindex=\"-1\" ><div class=\"elementor-post__thumbnail\"><img decoding=\"async\" width=\"1000\" height=\"430\" src=\"https:\/\/naturaecabarceno.com\/en\/wp-content\/uploads\/sites\/2\/Golf-Pedre-a_1.webp\" class=\"attachment-medium size-medium wp-image-2560\" alt=\"Golf Pedre a\" srcset=\"https:\/\/naturaecabarceno.com\/en\/wp-content\/uploads\/sites\/2\/Golf-Pedre-a_1.webp 1000w, https:\/\/naturaecabarceno.com\/en\/wp-content\/uploads\/sites\/2\/Golf-Pedre-a_1-768x330.webp 768w\" sizes=\"(max-width: 1000px) 100vw, 1000px\" \/><\/div><\/a>\n\t\t\t\t<div class=\"elementor-post__text\">\n\t\t\t\t<h3 class=\"elementor-post__title\">\n\t\t\t<a href=\"https:\/\/naturaecabarceno.com\/en\/campos-de-golf-cerca-de-posada-naturae-cabarceno\/\" >\n\t\t\t\tCampos de golf cerca de Posada Naturae Cab\u00e1rceno\t\t\t<\/a>\n\t\t<\/h3>\n\t\t\t\t<div class=\"elementor-post__excerpt\">\n\t\t\t<p>Desde Posada Naturae Cab\u00e1rceno queremos apoyar tanto la cultura como el deporte en Cantabria. Unos de los deportes que tenemos el lujo de poder disfrutar<\/p>\n\t\t<\/div>\n\t\t\n\t\t<a class=\"elementor-post__read-more\" href=\"https:\/\/naturaecabarceno.com\/en\/campos-de-golf-cerca-de-posada-naturae-cabarceno\/\" aria-label=\"M\u00e1s informaci\u00f3n sobre Campos de golf cerca de Posada Naturae Cab\u00e1rceno\" tabindex=\"-1\" >\n\t\t\tLeer m\u00e1s \u00bb\t\t<\/a>\n\n\t\t\t\t<\/div>\n\t\t\t\t<div class=\"elementor-post__meta-data\">\n\t\t\t\t\t<span class=\"elementor-post-date\">\n\t\t\t18 de septiembre de 2025\t\t<\/span>\n\t\t\t\t<\/div>\n\t\t\t\t\t<\/div>\n\t\t<\/article>\n\t\t\t\t<article class=\"elementor-post elementor-grid-item post-2556 post type-post status-publish format-standard has-post-thumbnail hentry category-blog\" role=\"listitem\">\n\t\t\t<div class=\"elementor-post__card\">\n\t\t\t\t<a class=\"elementor-post__thumbnail__link\" href=\"https:\/\/naturaecabarceno.com\/en\/restaurantes-con-estrella-michelin-cerca-de-posada-naturae-cabarceno\/\" tabindex=\"-1\" ><div class=\"elementor-post__thumbnail\"><img decoding=\"async\" width=\"1200\" height=\"800\" src=\"https:\/\/naturaecabarceno.com\/en\/wp-content\/uploads\/sites\/2\/Restaurantes-estrellas-michelin.webp\" class=\"attachment-medium size-medium wp-image-2558\" alt=\"Restaurantes estrellas michelin\" srcset=\"https:\/\/naturaecabarceno.com\/en\/wp-content\/uploads\/sites\/2\/Restaurantes-estrellas-michelin.webp 1200w, https:\/\/naturaecabarceno.com\/en\/wp-content\/uploads\/sites\/2\/Restaurantes-estrellas-michelin-768x512.webp 768w\" sizes=\"(max-width: 1200px) 100vw, 1200px\" \/><\/div><\/a>\n\t\t\t\t<div class=\"elementor-post__text\">\n\t\t\t\t<h3 class=\"elementor-post__title\">\n\t\t\t<a href=\"https:\/\/naturaecabarceno.com\/en\/restaurantes-con-estrella-michelin-cerca-de-posada-naturae-cabarceno\/\" >\n\t\t\t\tRestaurantes con estrella Michelin cerca de Posada Naturae Cab\u00e1rceno\t\t\t<\/a>\n\t\t<\/h3>\n\t\t\t\t<div class=\"elementor-post__excerpt\">\n\t\t\t<p>Lista de todos los restaurantes con estrella Michelin en Cantabria, junto con su p\u00e1gina web y una breve descripci\u00f3n de cada uno, as\u00ed como la<\/p>\n\t\t<\/div>\n\t\t\n\t\t<a class=\"elementor-post__read-more\" href=\"https:\/\/naturaecabarceno.com\/en\/restaurantes-con-estrella-michelin-cerca-de-posada-naturae-cabarceno\/\" aria-label=\"M\u00e1s informaci\u00f3n sobre Restaurantes con estrella Michelin cerca de Posada Naturae Cab\u00e1rceno\" tabindex=\"-1\" >\n\t\t\tLeer m\u00e1s \u00bb\t\t<\/a>\n\n\t\t\t\t<\/div>\n\t\t\t\t<div class=\"elementor-post__meta-data\">\n\t\t\t\t\t<span class=\"elementor-post-date\">\n\t\t\t18 de septiembre de 2025\t\t<\/span>\n\t\t\t\t<\/div>\n\t\t\t\t\t<\/div>\n\t\t<\/article>\n\t\t\t\t<\/div>\n\t\t\n\t\t\t\t\t\t<\/div>\n\t\t\t\t<\/div>\n\t\t\t\t\t<\/div>\n\t\t\t\t<\/div>\n\t\t\t\t<\/div>\n\t\t","protected":false},"excerpt":{"rendered":"<p>Nuestro Blog \u00daltimas noticias de la posada Naturae y el entorno de Cab\u00e1rceno A\u00f1adir una nueva entrada<\/p>\n","protected":false},"author":1,"featured_media":0,"parent":0,"menu_order":0,"comment_status":"closed","ping_status":"closed","template":"elementor_header_footer","meta":{"editor_notices":[],"footnotes":""},"class_list":["post-137","page","type-page","status-publish","hentry"],"yoast_head":"<!-- This site is optimized with the Yoast SEO plugin v27.4 - https:\/\/yoast.com\/product\/yoast-seo-wordpress\/ -->\n<title>Blog - Posada Naturae Cab\u00e1rceno<\/title>\n<meta name=\"robots\" content=\"index, follow, max-snippet:-1, max-image-preview:large, max-video-preview:-1\" \/>\n<link rel=\"canonical\" href=\"https:\/\/naturaecabarceno.com\/en\/blog\/\" \/>\n<meta property=\"og:locale\" content=\"es_ES\" \/>\n<meta property=\"og:type\" content=\"article\" \/>\n<meta property=\"og:title\" content=\"Blog - Posada Naturae Cab\u00e1rceno\" \/>\n<meta property=\"og:description\" content=\"Nuestro Blog \u00daltimas noticias de la posada Naturae y el entorno de Cab\u00e1rceno A\u00f1adir una nueva entrada\" \/>\n<meta property=\"og:url\" content=\"https:\/\/naturaecabarceno.com\/en\/blog\/\" \/>\n<meta property=\"og:site_name\" content=\"Posada Naturae Cab\u00e1rceno\" \/>\n<meta property=\"article:modified_time\" content=\"2025-09-25T13:36:06+00:00\" \/>\n<meta name=\"twitter:card\" content=\"summary_large_image\" \/>\n<script type=\"application\/ld+json\" class=\"yoast-schema-graph\">{\"@context\":\"https:\\\/\\\/schema.org\",\"@graph\":[{\"@type\":\"WebPage\",\"@id\":\"https:\\\/\\\/naturaecabarceno.com\\\/en\\\/blog\\\/\",\"url\":\"https:\\\/\\\/naturaecabarceno.com\\\/en\\\/blog\\\/\",\"name\":\"Blog - Posada Naturae Cab\u00e1rceno\",\"isPartOf\":{\"@id\":\"https:\\\/\\\/naturaecabarceno.com\\\/en\\\/#website\"},\"datePublished\":\"2024-07-17T14:02:40+00:00\",\"dateModified\":\"2025-09-25T13:36:06+00:00\",\"breadcrumb\":{\"@id\":\"https:\\\/\\\/naturaecabarceno.com\\\/en\\\/blog\\\/#breadcrumb\"},\"inLanguage\":\"es\",\"potentialAction\":[{\"@type\":\"ReadAction\",\"target\":[\"https:\\\/\\\/naturaecabarceno.com\\\/en\\\/blog\\\/\"]}]},{\"@type\":\"BreadcrumbList\",\"@id\":\"https:\\\/\\\/naturaecabarceno.com\\\/en\\\/blog\\\/#breadcrumb\",\"itemListElement\":[{\"@type\":\"ListItem\",\"position\":1,\"name\":\"Portada\",\"item\":\"https:\\\/\\\/naturaecabarceno.com\\\/en\\\/\"},{\"@type\":\"ListItem\",\"position\":2,\"name\":\"Blog\"}]},{\"@type\":\"WebSite\",\"@id\":\"https:\\\/\\\/naturaecabarceno.com\\\/en\\\/#website\",\"url\":\"https:\\\/\\\/naturaecabarceno.com\\\/en\\\/\",\"name\":\"Posada Naturae Cab\u00e1rceno\",\"description\":\"Guesthouse in Cab\u00e1rceno, Cantabria\",\"publisher\":{\"@id\":\"https:\\\/\\\/naturaecabarceno.com\\\/en\\\/#organization\"},\"potentialAction\":[{\"@type\":\"SearchAction\",\"target\":{\"@type\":\"EntryPoint\",\"urlTemplate\":\"https:\\\/\\\/naturaecabarceno.com\\\/en\\\/?s={search_term_string}\"},\"query-input\":{\"@type\":\"PropertyValueSpecification\",\"valueRequired\":true,\"valueName\":\"search_term_string\"}}],\"inLanguage\":\"es\"},{\"@type\":\"Organization\",\"@id\":\"https:\\\/\\\/naturaecabarceno.com\\\/en\\\/#organization\",\"name\":\"Posada Naturae Cab\u00e1rceno\",\"url\":\"https:\\\/\\\/naturaecabarceno.com\\\/en\\\/\",\"logo\":{\"@type\":\"ImageObject\",\"inLanguage\":\"es\",\"@id\":\"https:\\\/\\\/naturaecabarceno.com\\\/en\\\/#\\\/schema\\\/logo\\\/image\\\/\",\"url\":\"https:\\\/\\\/naturaecabarceno.com\\\/en\\\/wp-content\\\/uploads\\\/sites\\\/2\\\/posada-cabarceno-naturae-logotipo.jpg\",\"contentUrl\":\"https:\\\/\\\/naturaecabarceno.com\\\/en\\\/wp-content\\\/uploads\\\/sites\\\/2\\\/posada-cabarceno-naturae-logotipo.jpg\",\"width\":300,\"height\":266,\"caption\":\"Posada Naturae Cab\u00e1rceno\"},\"image\":{\"@id\":\"https:\\\/\\\/naturaecabarceno.com\\\/en\\\/#\\\/schema\\\/logo\\\/image\\\/\"}}]}<\/script>\n<!-- \/ Yoast SEO plugin. -->","yoast_head_json":{"title":"Blog - Posada Naturae Cab\u00e1rceno","robots":{"index":"index","follow":"follow","max-snippet":"max-snippet:-1","max-image-preview":"max-image-preview:large","max-video-preview":"max-video-preview:-1"},"canonical":"https:\/\/naturaecabarceno.com\/en\/blog\/","og_locale":"es_ES","og_type":"article","og_title":"Blog - Posada Naturae Cab\u00e1rceno","og_description":"Nuestro Blog \u00daltimas noticias de la posada Naturae y el entorno de Cab\u00e1rceno A\u00f1adir una nueva entrada","og_url":"https:\/\/naturaecabarceno.com\/en\/blog\/","og_site_name":"Posada Naturae Cab\u00e1rceno","article_modified_time":"2025-09-25T13:36:06+00:00","twitter_card":"summary_large_image","schema":{"@context":"https:\/\/schema.org","@graph":[{"@type":"WebPage","@id":"https:\/\/naturaecabarceno.com\/en\/blog\/","url":"https:\/\/naturaecabarceno.com\/en\/blog\/","name":"Blog - Posada Naturae Cab\u00e1rceno","isPartOf":{"@id":"https:\/\/naturaecabarceno.com\/en\/#website"},"datePublished":"2024-07-17T14:02:40+00:00","dateModified":"2025-09-25T13:36:06+00:00","breadcrumb":{"@id":"https:\/\/naturaecabarceno.com\/en\/blog\/#breadcrumb"},"inLanguage":"es","potentialAction":[{"@type":"ReadAction","target":["https:\/\/naturaecabarceno.com\/en\/blog\/"]}]},{"@type":"BreadcrumbList","@id":"https:\/\/naturaecabarceno.com\/en\/blog\/#breadcrumb","itemListElement":[{"@type":"ListItem","position":1,"name":"Portada","item":"https:\/\/naturaecabarceno.com\/en\/"},{"@type":"ListItem","position":2,"name":"Blog"}]},{"@type":"WebSite","@id":"https:\/\/naturaecabarceno.com\/en\/#website","url":"https:\/\/naturaecabarceno.com\/en\/","name":"Posada Naturae Cab\u00e1rceno","description":"Guesthouse in Cab\u00e1rceno, Cantabria","publisher":{"@id":"https:\/\/naturaecabarceno.com\/en\/#organization"},"potentialAction":[{"@type":"SearchAction","target":{"@type":"EntryPoint","urlTemplate":"https:\/\/naturaecabarceno.com\/en\/?s={search_term_string}"},"query-input":{"@type":"PropertyValueSpecification","valueRequired":true,"valueName":"search_term_string"}}],"inLanguage":"es"},{"@type":"Organization","@id":"https:\/\/naturaecabarceno.com\/en\/#organization","name":"Posada Naturae Cab\u00e1rceno","url":"https:\/\/naturaecabarceno.com\/en\/","logo":{"@type":"ImageObject","inLanguage":"es","@id":"https:\/\/naturaecabarceno.com\/en\/#\/schema\/logo\/image\/","url":"https:\/\/naturaecabarceno.com\/en\/wp-content\/uploads\/sites\/2\/posada-cabarceno-naturae-logotipo.jpg","contentUrl":"https:\/\/naturaecabarceno.com\/en\/wp-content\/uploads\/sites\/2\/posada-cabarceno-naturae-logotipo.jpg","width":300,"height":266,"caption":"Posada Naturae Cab\u00e1rceno"},"image":{"@id":"https:\/\/naturaecabarceno.com\/en\/#\/schema\/logo\/image\/"}}]}},"_links":{"self":[{"href":"https:\/\/naturaecabarceno.com\/en\/wp-json\/wp\/v2\/pages\/137","targetHints":{"allow":["GET"]}}],"collection":[{"href":"https:\/\/naturaecabarceno.com\/en\/wp-json\/wp\/v2\/pages"}],"about":[{"href":"https:\/\/naturaecabarceno.com\/en\/wp-json\/wp\/v2\/types\/page"}],"author":[{"embeddable":true,"href":"https:\/\/naturaecabarceno.com\/en\/wp-json\/wp\/v2\/users\/1"}],"replies":[{"embeddable":true,"href":"https:\/\/naturaecabarceno.com\/en\/wp-json\/wp\/v2\/comments?post=137"}],"version-history":[{"count":24,"href":"https:\/\/naturaecabarceno.com\/en\/wp-json\/wp\/v2\/pages\/137\/revisions"}],"predecessor-version":[{"id":2865,"href":"https:\/\/naturaecabarceno.com\/en\/wp-json\/wp\/v2\/pages\/137\/revisions\/2865"}],"wp:attachment":[{"href":"https:\/\/naturaecabarceno.com\/en\/wp-json\/wp\/v2\/media?parent=137"}],"curies":[{"name":"wp","href":"https:\/\/api.w.org\/{rel}","templated":true}]}}